{"id":879,"date":"2025-11-06T08:03:14","date_gmt":"2025-11-06T07:03:14","guid":{"rendered":"https:\/\/zimmer24frei.de\/?page_id=879"},"modified":"2025-11-06T08:42:03","modified_gmt":"2025-11-06T07:42:03","slug":"franchise","status":"publish","type":"page","link":"https:\/\/zimmer24frei.de\/en\/franchise\/","title":{"rendered":"Franchise"},"content":{"rendered":"\t\t<div data-elementor-type=\"wp-page\" data-elementor-id=\"879\" class=\"elementor elementor-879\" data-elementor-post-type=\"page\">\n\t\t\t\t<div class=\"elementor-element elementor-element-8f595a4 e-flex e-con-boxed e-con e-parent\" data-id=\"8f595a4\" data-element_type=\"container\">\n\t\t\t\t\t<div class=\"e-con-inner\">\n\t\t<div class=\"elementor-element elementor-element-5b974d3 e-con-full e-flex e-con e-child\" data-id=\"5b974d3\" data-element_type=\"container\">\n\t\t\t\t<div class=\"elementor-element elementor-element-ed31974 elementor-widget elementor-widget-heading\" data-id=\"ed31974\" data-element_type=\"widget\" data-widget_type=\"heading.default\">\n\t\t\t\t<div class=\"elementor-widget-container\">\n\t\t\t\t\t<h1 class=\"elementor-heading-title elementor-size-default\">Jetzt Franchisenehmer werden!<\/h1>\t\t\t\t<\/div>\n\t\t\t\t<\/div>\n\t\t\t\t<div class=\"elementor-element elementor-element-4b971a2 elementor-widget elementor-widget-text-editor\" data-id=\"4b971a2\" data-element_type=\"widget\" data-widget_type=\"text-editor.default\">\n\t\t\t\t<div class=\"elementor-widget-container\">\n\t\t\t\t\t\t\t\t\t<p><strong data-start=\"164\" data-end=\"220\">Starten Sie Ihr eigenes Vermietungsbusiness mit uns.<\/strong><br data-start=\"220\" data-end=\"223\" \/>Sie m\u00f6chten Teil unseres erfolgreichen Konzepts werden und Ihr eigenes Boardinghouse er\u00f6ffnen? Wir begleiten Sie von der Standortwahl \u00fcber Einrichtungskonzepte bis hin zum laufenden Betrieb.<\/p>\t\t\t\t\t\t\t\t<\/div>\n\t\t\t\t<\/div>\n\t\t\t\t<div class=\"elementor-element elementor-element-161ebd9 elementor-align-left elementor-widget elementor-widget-button\" data-id=\"161ebd9\" data-element_type=\"widget\" data-widget_type=\"button.default\">\n\t\t\t\t<div class=\"elementor-widget-container\">\n\t\t\t\t\t\t\t\t\t<div class=\"elementor-button-wrapper\">\n\t\t\t\t\t<a class=\"elementor-button elementor-button-link elementor-size-sm\" href=\"#kontakt\">\n\t\t\t\t\t\t<span class=\"elementor-button-content-wrapper\">\n\t\t\t\t\t\t<span class=\"elementor-button-icon\">\n\t\t\t\t<svg xmlns=\"http:\/\/www.w3.org\/2000\/svg\" id=\"Ebene_1\" data-name=\"Ebene 1\" viewBox=\"0 0 15 15\"><defs><style>      .cls-1 {        fill: #62e463;        stroke-width: 0px;      }    <\/style><\/defs><path class=\"cls-1\" d=\"m8.33.83c0-.46-.37-.83-.83-.83s-.83.37-.83.83v5.83H.83c-.46,0-.83.37-.83.83s.37.83.83.83h5.83v5.83c0,.46.37.83.83.83s.83-.37.83-.83v-5.83h5.83c.46,0,.83-.37.83-.83s-.37-.83-.83-.83h-5.83V.83Z\"><\/path><\/svg>\t\t\t<\/span>\n\t\t\t\t\t\t\t\t\t<span class=\"elementor-button-text\">Jetzt Franchisenehmer werden<\/span>\n\t\t\t\t\t<\/span>\n\t\t\t\t\t<\/a>\n\t\t\t\t<\/div>\n\t\t\t\t\t\t\t\t<\/div>\n\t\t\t\t<\/div>\n\t\t\t\t<\/div>\n\t\t<div class=\"elementor-element elementor-element-abcb06a e-con-full elementor-hidden-mobile e-flex e-con e-child\" data-id=\"abcb06a\" data-element_type=\"container\">\n\t\t\t\t<div class=\"elementor-element elementor-element-e143eb7 elementor-invisible elementor-widget elementor-widget-image\" data-id=\"e143eb7\" data-element_type=\"widget\" data-settings=\"{&quot;_animation&quot;:&quot;fadeInLeft&quot;}\" data-widget_type=\"image.default\">\n\t\t\t\t<div class=\"elementor-widget-container\">\n\t\t\t\t\t\t\t\t\t\t\t\t\t\t\t<img fetchpriority=\"high\" decoding=\"async\" width=\"512\" height=\"512\" src=\"https:\/\/zimmer24frei.de\/wp-content\/uploads\/2025\/05\/cropped-Icon-RGB__Gruen.png\" class=\"attachment-large size-large wp-image-834\" alt=\"\" srcset=\"https:\/\/zimmer24frei.de\/wp-content\/uploads\/2025\/05\/cropped-Icon-RGB__Gruen.png 512w, https:\/\/zimmer24frei.de\/wp-content\/uploads\/2025\/05\/cropped-Icon-RGB__Gruen-300x300.png 300w, https:\/\/zimmer24frei.de\/wp-content\/uploads\/2025\/05\/cropped-Icon-RGB__Gruen-150x150.png 150w, https:\/\/zimmer24frei.de\/wp-content\/uploads\/2025\/05\/cropped-Icon-RGB__Gruen-12x12.png 12w, https:\/\/zimmer24frei.de\/wp-content\/uploads\/2025\/05\/cropped-Icon-RGB__Gruen-270x270.png 270w, https:\/\/zimmer24frei.de\/wp-content\/uploads\/2025\/05\/cropped-Icon-RGB__Gruen-192x192.png 192w, https:\/\/zimmer24frei.de\/wp-content\/uploads\/2025\/05\/cropped-Icon-RGB__Gruen-180x180.png 180w, https:\/\/zimmer24frei.de\/wp-content\/uploads\/2025\/05\/cropped-Icon-RGB__Gruen-32x32.png 32w\" sizes=\"(max-width: 512px) 100vw, 512px\" \/>\t\t\t\t\t\t\t\t\t\t\t\t\t\t\t<\/div>\n\t\t\t\t<\/div>\n\t\t\t\t<\/div>\n\t\t\t\t\t<\/div>\n\t\t\t\t<\/div>\n\t\t<div class=\"elementor-element elementor-element-53286ab e-flex e-con-boxed e-con e-parent\" data-id=\"53286ab\" data-element_type=\"container\">\n\t\t\t\t\t<div class=\"e-con-inner\">\n\t\t<div class=\"elementor-element elementor-element-37b56ce e-con-full e-flex e-con e-child\" data-id=\"37b56ce\" data-element_type=\"container\">\n\t\t\t\t<div class=\"elementor-element elementor-element-f746727 elementor-widget elementor-widget-heading\" data-id=\"f746727\" data-element_type=\"widget\" data-widget_type=\"heading.default\">\n\t\t\t\t<div class=\"elementor-widget-container\">\n\t\t\t\t\t<h2 class=\"elementor-heading-title elementor-size-default\">Ihre Vorteile<\/h2>\t\t\t\t<\/div>\n\t\t\t\t<\/div>\n\t\t\t\t<div class=\"elementor-element elementor-element-370ab75 elementor-widget elementor-widget-text-editor\" data-id=\"370ab75\" data-element_type=\"widget\" data-widget_type=\"text-editor.default\">\n\t\t\t\t<div class=\"elementor-widget-container\">\n\t\t\t\t\t\t\t\t\t<p>Unser Franchise-System bietet Ihnen<\/p>\t\t\t\t\t\t\t\t<\/div>\n\t\t\t\t<\/div>\n\t\t\t\t<\/div>\n\t\t<div class=\"elementor-element elementor-element-913863e e-con-full e-flex e-con e-child\" data-id=\"913863e\" data-element_type=\"container\">\n\t\t<div class=\"elementor-element elementor-element-2c10cdb e-con-full e-flex elementor-invisible e-con e-child\" data-id=\"2c10cdb\" data-element_type=\"container\" data-settings=\"{&quot;background_background&quot;:&quot;classic&quot;,&quot;animation&quot;:&quot;fadeIn&quot;}\">\n\t\t\t\t<div class=\"elementor-element elementor-element-2bb4c6b elementor-widget elementor-widget-heading\" data-id=\"2bb4c6b\" data-element_type=\"widget\" data-widget_type=\"heading.default\">\n\t\t\t\t<div class=\"elementor-widget-container\">\n\t\t\t\t\t<h3 class=\"elementor-heading-title elementor-size-default\">Erprobtes Konzept &amp; klare Struktur<\/h3>\t\t\t\t<\/div>\n\t\t\t\t<\/div>\n\t\t\t\t<div class=\"elementor-element elementor-element-25ec244 elementor-widget elementor-widget-text-editor\" data-id=\"25ec244\" data-element_type=\"widget\" data-widget_type=\"text-editor.default\">\n\t\t\t\t<div class=\"elementor-widget-container\">\n\t\t\t\t\t\t\t\t\t<p>Profitieren Sie von einem bew\u00e4hrten Gesch\u00e4ftsmodell. Wir bieten Ihnen eine klare Struktur und Schritt-f\u00fcr-Schritt-Unterst\u00fctzung beim Aufbau Ihres eigenen Boardinghouses.<\/p>\t\t\t\t\t\t\t\t<\/div>\n\t\t\t\t<\/div>\n\t\t\t\t<\/div>\n\t\t<div class=\"elementor-element elementor-element-6129861 e-con-full e-flex elementor-invisible e-con e-child\" data-id=\"6129861\" data-element_type=\"container\" data-settings=\"{&quot;background_background&quot;:&quot;classic&quot;,&quot;animation&quot;:&quot;fadeIn&quot;,&quot;animation_delay&quot;:300}\">\n\t\t\t\t<div class=\"elementor-element elementor-element-3245875 elementor-widget elementor-widget-heading\" data-id=\"3245875\" data-element_type=\"widget\" data-widget_type=\"heading.default\">\n\t\t\t\t<div class=\"elementor-widget-container\">\n\t\t\t\t\t<h3 class=\"elementor-heading-title elementor-size-default\">Starke Marke mit Profi-Unterst\u00fctzung<\/h3>\t\t\t\t<\/div>\n\t\t\t\t<\/div>\n\t\t\t\t<div class=\"elementor-element elementor-element-c7e8f8c elementor-widget elementor-widget-text-editor\" data-id=\"c7e8f8c\" data-element_type=\"widget\" data-widget_type=\"text-editor.default\">\n\t\t\t\t<div class=\"elementor-widget-container\">\n\t\t\t\t\t\t\t\t\t<p>Als Franchise-Partner profitieren Sie von einer etablierten Marke. Zudem unterst\u00fctzen wir Sie aktiv bei Marketing, Buchungssystemen und allen organisatorischen Prozessen.<\/p>\t\t\t\t\t\t\t\t<\/div>\n\t\t\t\t<\/div>\n\t\t\t\t<\/div>\n\t\t<div class=\"elementor-element elementor-element-e960616 e-con-full e-flex elementor-invisible e-con e-child\" data-id=\"e960616\" data-element_type=\"container\" data-settings=\"{&quot;background_background&quot;:&quot;classic&quot;,&quot;animation&quot;:&quot;fadeIn&quot;,&quot;animation_delay&quot;:600}\">\n\t\t\t\t<div class=\"elementor-element elementor-element-4c986e7 elementor-widget__width-inherit elementor-widget elementor-widget-heading\" data-id=\"4c986e7\" data-element_type=\"widget\" data-widget_type=\"heading.default\">\n\t\t\t\t<div class=\"elementor-widget-container\">\n\t\t\t\t\t<h3 class=\"elementor-heading-title elementor-size-default\">Wissen &amp; pers\u00f6nliche Begleitung<\/h3>\t\t\t\t<\/div>\n\t\t\t\t<\/div>\n\t\t\t\t<div class=\"elementor-element elementor-element-993261d elementor-widget elementor-widget-text-editor\" data-id=\"993261d\" data-element_type=\"widget\" data-widget_type=\"text-editor.default\">\n\t\t\t\t<div class=\"elementor-widget-container\">\n\t\t\t\t\t\t\t\t\t<p>Wir lassen Sie nicht allein: Durch einen festen Ansprechpartner begleiten wir Sie auf dem Weg zu Ihrem erfolgreichen Vermietungsbusiness.<\/p>\t\t\t\t\t\t\t\t<\/div>\n\t\t\t\t<\/div>\n\t\t\t\t<\/div>\n\t\t\t\t<\/div>\n\t\t\t\t\t<\/div>\n\t\t\t\t<\/div>\n\t\t<div class=\"elementor-element elementor-element-1c15b69 elementor-hidden-mobile e-flex e-con-boxed e-con e-parent\" data-id=\"1c15b69\" data-element_type=\"container\">\n\t\t\t\t\t<div class=\"e-con-inner\">\n\t\t\t\t<div class=\"elementor-element elementor-element-47356f9 elementor-widget-divider--view-line elementor-widget elementor-widget-divider\" data-id=\"47356f9\" data-element_type=\"widget\" data-widget_type=\"divider.default\">\n\t\t\t\t<div class=\"elementor-widget-container\">\n\t\t\t\t\t\t\t<div class=\"elementor-divider\">\n\t\t\t<span class=\"elementor-divider-separator\">\n\t\t\t\t\t\t<\/span>\n\t\t<\/div>\n\t\t\t\t\t\t<\/div>\n\t\t\t\t<\/div>\n\t\t\t\t\t<\/div>\n\t\t\t\t<\/div>\n\t\t<div class=\"elementor-element elementor-element-82f1be4 e-flex e-con-boxed e-con e-parent\" data-id=\"82f1be4\" data-element_type=\"container\">\n\t\t\t\t\t<div class=\"e-con-inner\">\n\t\t\t\t<div class=\"elementor-element elementor-element-ef64e6a elementor-widget elementor-widget-menu-anchor\" data-id=\"ef64e6a\" data-element_type=\"widget\" data-widget_type=\"menu-anchor.default\">\n\t\t\t\t<div class=\"elementor-widget-container\">\n\t\t\t\t\t\t\t<div class=\"elementor-menu-anchor\" id=\"kontakt\"><\/div>\n\t\t\t\t\t\t<\/div>\n\t\t\t\t<\/div>\n\t\t<div class=\"elementor-element elementor-element-d46f266 e-flex e-con-boxed e-con e-child\" data-id=\"d46f266\" data-element_type=\"container\">\n\t\t\t\t\t<div class=\"e-con-inner\">\n\t\t<div class=\"elementor-element elementor-element-0927f0c e-con-full e-flex e-con e-child\" data-id=\"0927f0c\" data-element_type=\"container\">\n\t\t\t\t<div class=\"elementor-element elementor-element-073a05a elementor-widget elementor-widget-heading\" data-id=\"073a05a\" data-element_type=\"widget\" data-widget_type=\"heading.default\">\n\t\t\t\t<div class=\"elementor-widget-container\">\n\t\t\t\t\t<h2 class=\"elementor-heading-title elementor-size-default\">Partner werden<\/h2>\t\t\t\t<\/div>\n\t\t\t\t<\/div>\n\t\t\t\t<div class=\"elementor-element elementor-element-a1a1af5 elementor-widget elementor-widget-text-editor\" data-id=\"a1a1af5\" data-element_type=\"widget\" data-widget_type=\"text-editor.default\">\n\t\t\t\t<div class=\"elementor-widget-container\">\n\t\t\t\t\t\t\t\t\t<p>F\u00fcllen Sie einfach das Formular in wenigen Schritten aus.<\/p>\t\t\t\t\t\t\t\t<\/div>\n\t\t\t\t<\/div>\n\t\t\t\t<\/div>\n\t\t<div class=\"elementor-element elementor-element-01cef30 e-flex e-con-boxed e-con e-child\" data-id=\"01cef30\" data-element_type=\"container\" data-settings=\"{&quot;background_background&quot;:&quot;classic&quot;}\">\n\t\t\t\t\t<div class=\"e-con-inner\">\n\t\t\t\t<div class=\"elementor-element elementor-element-a9aa5df elementor-button-align-stretch elementor-widget elementor-widget-form\" data-id=\"a9aa5df\" data-element_type=\"widget\" data-settings=\"{&quot;step_next_label&quot;:&quot;N\\u00e4chster&quot;,&quot;step_previous_label&quot;:&quot;Voriger&quot;,&quot;button_width&quot;:&quot;100&quot;,&quot;step_type&quot;:&quot;number_text&quot;,&quot;step_icon_shape&quot;:&quot;circle&quot;}\" data-widget_type=\"form.default\">\n\t\t\t\t<div class=\"elementor-widget-container\">\n\t\t\t\t\t\t\t<form class=\"elementor-form\" method=\"post\" name=\"Franchise anfrage\" aria-label=\"Franchise anfrage\">\n\t\t\t<input type=\"hidden\" name=\"post_id\" value=\"879\"\/>\n\t\t\t<input type=\"hidden\" name=\"form_id\" value=\"a9aa5df\"\/>\n\t\t\t<input type=\"hidden\" name=\"referer_title\" value=\"Franchise\" \/>\n\n\t\t\t\t\t\t\t<input type=\"hidden\" name=\"queried_id\" value=\"879\"\/>\n\t\t\t\n\t\t\t<div class=\"elementor-form-fields-wrapper elementor-labels-above\">\n\t\t\t\t\t\t\t\t<div class=\"elementor-field-type-select elementor-field-group elementor-column elementor-field-group-message elementor-col-100\">\n\t\t\t\t\t\t\t\t\t\t\t\t<label for=\"form-field-message\" class=\"elementor-field-label\">\n\t\t\t\t\t\t\t\tHaben Sie bereits eine Immobilie f\u00fcr Ihr eigenes Vermietungsbusiness?\t\t\t\t\t\t\t<\/label>\n\t\t\t\t\t\t\t\t<div class=\"elementor-field elementor-select-wrapper remove-before \">\n\t\t\t<div class=\"select-caret-down-wrapper\">\n\t\t\t\t<svg aria-hidden=\"true\" class=\"e-font-icon-svg e-eicon-caret-down\" viewBox=\"0 0 571.4 571.4\" xmlns=\"http:\/\/www.w3.org\/2000\/svg\"><path d=\"M571 393Q571 407 561 418L311 668Q300 679 286 679T261 668L11 418Q0 407 0 393T11 368 36 357H536Q550 357 561 368T571 393Z\"><\/path><\/svg>\t\t\t<\/div>\n\t\t\t<select name=\"form_fields[message]\" id=\"form-field-message\" class=\"elementor-field-textual elementor-size-sm\">\n\t\t\t\t\t\t\t\t\t<option value=\"Ja (Eigentum)\">Ja (Eigentum)<\/option>\n\t\t\t\t\t\t\t\t\t<option value=\"Ja (Mietobjekt)\">Ja (Mietobjekt)<\/option>\n\t\t\t\t\t\t\t\t\t<option value=\"Nein, ich schaue mich um\">Nein, ich schaue mich um<\/option>\n\t\t\t\t\t\t\t<\/select>\n\t\t<\/div>\n\t\t\t\t\t\t<\/div>\n\t\t\t\t\t\t\t\t<div class=\"elementor-field-type-text elementor-field-group elementor-column elementor-field-group-field_a508838 elementor-col-100\">\n\t\t\t\t\t\t\t\t\t\t\t\t<label for=\"form-field-field_a508838\" class=\"elementor-field-label\">\n\t\t\t\t\t\t\t\tWo w\u00fcrden Sie Ihr Boardinghouse zur Vermietung anbieten?\t\t\t\t\t\t\t<\/label>\n\t\t\t\t\t\t\t\t\t\t\t\t\t\t<input size=\"1\" type=\"text\" name=\"form_fields[field_a508838]\" id=\"form-field-field_a508838\" class=\"elementor-field elementor-size-sm  elementor-field-textual\" placeholder=\"Ort\/PLZ (ggf. Stra\u00dfe)\">\n\t\t\t\t\t\t\t\t\t\t\t<\/div>\n\t\t\t\t\t\t\t\t<div class=\"elementor-field-type-select elementor-field-group elementor-column elementor-field-group-field_2c9ba2c elementor-col-100\">\n\t\t\t\t\t\t\t\t\t\t\t\t<label for=\"form-field-field_2c9ba2c\" class=\"elementor-field-label\">\n\t\t\t\t\t\t\t\tSind Sie aktuell bereits gewerblich im Immobilienbereich t\u00e4tig?\t\t\t\t\t\t\t<\/label>\n\t\t\t\t\t\t\t\t<div class=\"elementor-field elementor-select-wrapper remove-before \">\n\t\t\t<div class=\"select-caret-down-wrapper\">\n\t\t\t\t<svg aria-hidden=\"true\" class=\"e-font-icon-svg e-eicon-caret-down\" viewBox=\"0 0 571.4 571.4\" xmlns=\"http:\/\/www.w3.org\/2000\/svg\"><path d=\"M571 393Q571 407 561 418L311 668Q300 679 286 679T261 668L11 418Q0 407 0 393T11 368 36 357H536Q550 357 561 368T571 393Z\"><\/path><\/svg>\t\t\t<\/div>\n\t\t\t<select name=\"form_fields[field_2c9ba2c]\" id=\"form-field-field_2c9ba2c\" class=\"elementor-field-textual elementor-size-sm\">\n\t\t\t\t\t\t\t\t\t<option value=\"Nein, ich interessiere mich erst seit Kurzem f\u00fcr Immobilien.\">Nein, ich interessiere mich erst seit Kurzem f\u00fcr Immobilien.<\/option>\n\t\t\t\t\t\t\t\t\t<option value=\"Ich habe privat eine oder mehrere Immobilien, aber noch kein Gewerbe.\">Ich habe privat eine oder mehrere Immobilien, aber noch kein Gewerbe.<\/option>\n\t\t\t\t\t\t\t\t\t<option value=\"Ja, ich betreibe bereits ein Gewerbe im Bereich Immobilien\/Vermietung.\">Ja, ich betreibe bereits ein Gewerbe im Bereich Immobilien\/Vermietung.<\/option>\n\t\t\t\t\t\t\t<\/select>\n\t\t<\/div>\n\t\t\t\t\t\t<\/div>\n\t\t\t\t\t\t\t\t<div class=\"elementor-field-type-text elementor-field-group elementor-column elementor-field-group-name elementor-col-50 elementor-sm-50 elementor-field-required elementor-mark-required\">\n\t\t\t\t\t\t\t\t\t\t\t\t<label for=\"form-field-name\" class=\"elementor-field-label\">\n\t\t\t\t\t\t\t\tVorname\t\t\t\t\t\t\t<\/label>\n\t\t\t\t\t\t\t\t\t\t\t\t\t\t<input size=\"1\" type=\"text\" name=\"form_fields[name]\" id=\"form-field-name\" class=\"elementor-field elementor-size-sm  elementor-field-textual\" required=\"required\">\n\t\t\t\t\t\t\t\t\t\t\t<\/div>\n\t\t\t\t\t\t\t\t<div class=\"elementor-field-type-text elementor-field-group elementor-column elementor-field-group-name elementor-col-50 elementor-sm-50 elementor-field-required elementor-mark-required\">\n\t\t\t\t\t\t\t\t\t\t\t\t<label for=\"form-field-name\" class=\"elementor-field-label\">\n\t\t\t\t\t\t\t\tNachname\t\t\t\t\t\t\t<\/label>\n\t\t\t\t\t\t\t\t\t\t\t\t\t\t<input size=\"1\" type=\"text\" name=\"form_fields[name]\" id=\"form-field-name\" class=\"elementor-field elementor-size-sm  elementor-field-textual\" required=\"required\">\n\t\t\t\t\t\t\t\t\t\t\t<\/div>\n\t\t\t\t\t\t\t\t<div class=\"elementor-field-type-email elementor-field-group elementor-column elementor-field-group-mail elementor-col-50 elementor-sm-50 elementor-field-required elementor-mark-required\">\n\t\t\t\t\t\t\t\t\t\t\t\t<label for=\"form-field-mail\" class=\"elementor-field-label\">\n\t\t\t\t\t\t\t\tEmail\t\t\t\t\t\t\t<\/label>\n\t\t\t\t\t\t\t\t\t\t\t\t\t\t<input size=\"1\" type=\"email\" name=\"form_fields[mail]\" id=\"form-field-mail\" class=\"elementor-field elementor-size-sm  elementor-field-textual\" required=\"required\">\n\t\t\t\t\t\t\t\t\t\t\t<\/div>\n\t\t\t\t\t\t\t\t<div class=\"elementor-field-type-tel elementor-field-group elementor-column elementor-field-group-field_350b778 elementor-col-50 elementor-sm-50 elementor-field-required elementor-mark-required\">\n\t\t\t\t\t\t\t\t\t\t\t\t<label for=\"form-field-field_350b778\" class=\"elementor-field-label\">\n\t\t\t\t\t\t\t\tTelefonnummer\t\t\t\t\t\t\t<\/label>\n\t\t\t\t\t\t\t\t<input size=\"1\" type=\"tel\" name=\"form_fields[field_350b778]\" id=\"form-field-field_350b778\" class=\"elementor-field elementor-size-sm  elementor-field-textual\" required=\"required\" pattern=\"[0-9()#&amp;+*-=.]+\" title=\"Nur Nummern oder Telefon-Zeichen (#, -, *, etc) werden akzeptiert.\">\n\n\t\t\t\t\t\t<\/div>\n\t\t\t\t\t\t\t\t<div class=\"elementor-field-type-recaptcha_v3 elementor-field-group elementor-column elementor-field-group-field_188cdf5 elementor-col-100 recaptcha_v3-bottomright\">\n\t\t\t\t\t<div class=\"elementor-field\" id=\"form-field-field_188cdf5\"><div class=\"elementor-g-recaptcha\" data-sitekey=\"6LclmWkqAAAAAHinicy5NfHomPhOu6qqO_3DYOkV\" data-type=\"v3\" data-action=\"Form\" data-badge=\"bottomright\" data-size=\"invisible\"><\/div><\/div>\t\t\t\t<\/div>\n\t\t\t\t\t\t\t\t<div class=\"elementor-field-group elementor-column elementor-field-type-submit elementor-col-100 e-form__buttons\">\n\t\t\t\t\t<button class=\"elementor-button elementor-size-xs\" type=\"submit\">\n\t\t\t\t\t\t<span class=\"elementor-button-content-wrapper\">\n\t\t\t\t\t\t\t\t\t\t\t\t\t\t\t<span class=\"elementor-button-icon\">\n\t\t\t\t\t\t\t\t\t<svg xmlns=\"http:\/\/www.w3.org\/2000\/svg\" id=\"Ebene_1\" data-name=\"Ebene 1\" viewBox=\"0 0 15 15\"><defs><style>      .cls-1 {        fill: #62e463;        stroke-width: 0px;      }    <\/style><\/defs><path class=\"cls-1\" d=\"m8.33.83c0-.46-.37-.83-.83-.83s-.83.37-.83.83v5.83H.83c-.46,0-.83.37-.83.83s.37.83.83.83h5.83v5.83c0,.46.37.83.83.83s.83-.37.83-.83v-5.83h5.83c.46,0,.83-.37.83-.83s-.37-.83-.83-.83h-5.83V.83Z\"><\/path><\/svg>\t\t\t\t\t\t\t\t\t\t\t\t\t\t\t\t\t<\/span>\n\t\t\t\t\t\t\t\t\t\t\t\t\t\t\t\t\t\t\t\t\t\t<span class=\"elementor-button-text\">Anfragen<\/span>\n\t\t\t\t\t\t\t\t\t\t\t\t\t<\/span>\n\t\t\t\t\t<\/button>\n\t\t\t\t<\/div>\n\t\t\t<\/div>\n\t\t<\/form>\n\t\t\t\t\t\t<\/div>\n\t\t\t\t<\/div>\n\t\t\t\t\t<\/div>\n\t\t\t\t<\/div>\n\t\t\t\t\t<\/div>\n\t\t\t\t<\/div>\n\t\t\t\t\t<\/div>\n\t\t\t\t<\/div>\n\t\t\t\t<\/div>\n\t\t","protected":false},"excerpt":{"rendered":"<p>Jetzt Franchisenehmer werden! Starten Sie Ihr eigenes Vermietungsbusiness mit uns.Sie m\u00f6chten Teil unseres erfolgreichen Konzepts werden und Ihr eigenes Boardinghouse er\u00f6ffnen? Wir begleiten Sie von der Standortwahl \u00fcber Einrichtungskonzepte bis hin zum laufenden Betrieb. Jetzt Franchisenehmer werden Ihre Vorteile Unser Franchise-System bietet Ihnen Erprobtes Konzept &amp; klare Struktur Profitieren Sie von einem bew\u00e4hrten Gesch\u00e4ftsmodell. Wir [&hellip;]<\/p>\n","protected":false},"author":1,"featured_media":0,"parent":0,"menu_order":0,"comment_status":"closed","ping_status":"closed","template":"","meta":{"footnotes":""},"class_list":["post-879","page","type-page","status-publish","hentry"],"_links":{"self":[{"href":"https:\/\/zimmer24frei.de\/en\/wp-json\/wp\/v2\/pages\/879","targetHints":{"allow":["GET"]}}],"collection":[{"href":"https:\/\/zimmer24frei.de\/en\/wp-json\/wp\/v2\/pages"}],"about":[{"href":"https:\/\/zimmer24frei.de\/en\/wp-json\/wp\/v2\/types\/page"}],"author":[{"embeddable":true,"href":"https:\/\/zimmer24frei.de\/en\/wp-json\/wp\/v2\/users\/1"}],"replies":[{"embeddable":true,"href":"https:\/\/zimmer24frei.de\/en\/wp-json\/wp\/v2\/comments?post=879"}],"version-history":[{"count":10,"href":"https:\/\/zimmer24frei.de\/en\/wp-json\/wp\/v2\/pages\/879\/revisions"}],"predecessor-version":[{"id":894,"href":"https:\/\/zimmer24frei.de\/en\/wp-json\/wp\/v2\/pages\/879\/revisions\/894"}],"wp:attachment":[{"href":"https:\/\/zimmer24frei.de\/en\/wp-json\/wp\/v2\/media?parent=879"}],"curies":[{"name":"wp","href":"https:\/\/api.w.org\/{rel}","templated":true}]}}