{"id":363,"date":"2023-10-26T15:21:30","date_gmt":"2023-10-26T13:21:30","guid":{"rendered":"http:\/\/zimmer24frei.de\/?page_id=363"},"modified":"2025-12-15T11:11:16","modified_gmt":"2025-12-15T10:11:16","slug":"impressum","status":"publish","type":"page","link":"https:\/\/zimmer24frei.de\/en\/impressum\/","title":{"rendered":"Imprint"},"content":{"rendered":"<div data-elementor-type=\"wp-page\" data-elementor-id=\"363\" class=\"elementor elementor-363\" data-elementor-post-type=\"page\">\n\t\t\t\t<div class=\"elementor-element elementor-element-05708ff e-flex e-con-boxed e-con e-parent\" data-id=\"05708ff\" data-element_type=\"container\">\n\t\t\t\t\t<div class=\"e-con-inner\">\n\t\t\t\t<div class=\"elementor-element elementor-element-9ae7631 elementor-widget elementor-widget-heading\" data-id=\"9ae7631\" data-element_type=\"widget\" data-widget_type=\"heading.default\">\n\t\t\t\t<div class=\"elementor-widget-container\">\n\t\t\t\t\t<h2 class=\"elementor-heading-title elementor-size-default\">Imprint<\/h2>\t\t\t\t<\/div>\n\t\t\t\t<\/div>\n\t\t\t\t<div class=\"elementor-element elementor-element-1fe8583 elementor-widget elementor-widget-text-editor\" data-id=\"1fe8583\" data-element_type=\"widget\" data-widget_type=\"text-editor.default\">\n\t\t\t\t<div class=\"elementor-widget-container\">\n\t\t\t\t\t\t\t\t\t<h2>Information according to \u00a7 5 TMG<\/h2><p>Selda Firat<br \/>commercial room rental<br \/>Max-Planck-Stra\u00dfe 17<br \/>Junkersdorf-Marsdorf<br \/>50858 K\u00f6ln<\/p><h2>Contact<\/h2><p>Phone: 02234 6884322<br \/>E-Mail: info@zimmer24frei.de<\/p><h2>Sales tax ID<\/h2><p>Sales tax identification number according to \u00a7 27 a Umsatzsteuergesetz:<br \/>DE347708883<\/p><h2>Professional title and professional regulations<\/h2><p>Job Title:<br \/>Room rental<\/p><h2>EU Dispute Resolution<\/h2><p>The European Commission provides a platform for online dispute resolution (OS): <a href=\"https:\/\/ec.europa.eu\/consumers\/odr\/\" target=\"_blank\" rel=\"noopener noreferrer\">https:\/\/ec.europa.eu\/consumers\/odr\/<\/a>.<br \/>You can find our e-mail address in the imprint above.<\/p><h2>Consumer dispute resolution\/universal arbitration board<\/h2><p>We are not willing or obliged to participate in dispute resolution proceedings before a consumer arbitration board.<\/p><p>\u00a0<\/p><p><strong>Webdesign<br \/><\/strong>celine \u2013 creative department<br \/>Kreuzstrasse 20, Bietigheim-Bissingen<br \/><a href=\"http:\/\/www.celine-design.de\/\">celine-design.de<\/a><br \/><a href=\"mailto:office@celine-design.de\">office@celine-design.de<\/a><\/p>\t\t\t\t\t\t\t\t<\/div>\n\t\t\t\t<\/div>\n\t\t\t\t\t<\/div>\n\t\t\t\t<\/div>\n\t\t\t\t<\/div>","protected":false},"excerpt":{"rendered":"<p>Impressum Angaben gem\u00e4\u00df \u00a7 5 TMG Selda Firatgewerbliche ZimmervermietungMax-Planck-Stra\u00dfe 17Junkersdorf-Marsdorf50858 K\u00f6ln Kontakt Telefon: 02234 6884322E-Mail: info@zimmer24frei.de Umsatzsteuer-ID Umsatzsteuer-Identifikationsnummer gem\u00e4\u00df \u00a7 27 a Umsatzsteuergesetz:DE347708883 Berufsbezeichnung und berufsrechtliche Regelungen Berufsbezeichnung:Zimmervermietung EU-Streitschlichtung Die Europ\u00e4ische Kommission stellt eine Plattform zur Online-Streitbeilegung (OS) bereit: https:\/\/ec.europa.eu\/consumers\/odr\/.Unsere E-Mail-Adresse finden Sie oben im Impressum. Verbraucher\u00adstreit\u00adbeilegung\/Universal\u00adschlichtungs\u00adstelle Wir sind nicht bereit oder verpflichtet, an Streitbeilegungsverfahren [&hellip;]<\/p>\n","protected":false},"author":1,"featured_media":0,"parent":0,"menu_order":0,"comment_status":"closed","ping_status":"closed","template":"","meta":{"footnotes":""},"class_list":["post-363","page","type-page","status-publish","hentry"],"_links":{"self":[{"href":"https:\/\/zimmer24frei.de\/en\/wp-json\/wp\/v2\/pages\/363","targetHints":{"allow":["GET"]}}],"collection":[{"href":"https:\/\/zimmer24frei.de\/en\/wp-json\/wp\/v2\/pages"}],"about":[{"href":"https:\/\/zimmer24frei.de\/en\/wp-json\/wp\/v2\/types\/page"}],"author":[{"embeddable":true,"href":"https:\/\/zimmer24frei.de\/en\/wp-json\/wp\/v2\/users\/1"}],"replies":[{"embeddable":true,"href":"https:\/\/zimmer24frei.de\/en\/wp-json\/wp\/v2\/comments?post=363"}],"version-history":[{"count":7,"href":"https:\/\/zimmer24frei.de\/en\/wp-json\/wp\/v2\/pages\/363\/revisions"}],"predecessor-version":[{"id":901,"href":"https:\/\/zimmer24frei.de\/en\/wp-json\/wp\/v2\/pages\/363\/revisions\/901"}],"wp:attachment":[{"href":"https:\/\/zimmer24frei.de\/en\/wp-json\/wp\/v2\/media?parent=363"}],"curies":[{"name":"wp","href":"https:\/\/api.w.org\/{rel}","templated":true}]}}